{"id":23007,"date":"2025-10-03T23:52:48","date_gmt":"2025-10-03T20:52:48","guid":{"rendered":"https:\/\/mst-sa.com\/?post_type=product&#038;p=23007"},"modified":"2026-02-16T21:50:56","modified_gmt":"2026-02-16T18:50:56","slug":"canon-image-formula-dr-m160ii","status":"publish","type":"product","link":"https:\/\/mst-sa.com\/en\/product\/canon-image-formula-dr-m160ii\/","title":{"rendered":"Canon image FORMULA DR-M160II"},"content":{"rendered":"<table border=\"0\" width=\"100%\" cellspacing=\"0\" cellpadding=\"5\">\n<tbody><!-- MODEL --><\/p>\n<tr>\n<th style=\"background-color: #1f1f1f; color: #ffffff;\" colspan=\"2\">MODEL<\/th>\n<\/tr>\n<tr>\n<td width=\"26%\"><b>(MST) Part Number<\/b><\/td>\n<td width=\"72%\">1600511<\/td>\n<\/tr>\n<tr bgcolor=\"#f7f7f7\">\n<td><b>Type<\/b><\/td>\n<td>Desktop Sheet Fed Scanner<\/td>\n<\/tr>\n<tr>\n<td><b>Scanning Sensor Unit<\/b><\/td>\n<td>CMOS CIS 1 Line Sensor<\/td>\n<\/tr>\n<tr bgcolor=\"#f7f7f7\">\n<td><b>Light Source<\/b><\/td>\n<td>RGB LED<\/td>\n<\/tr>\n<tr>\n<td><b>Scanning Side<\/b><\/td>\n<td>Front \/ Back \/ Duplex<\/td>\n<\/tr>\n<tr bgcolor=\"#f7f7f7\">\n<td><b>Interface<\/b><\/td>\n<td>High speed USB 2.0<\/td>\n<\/tr>\n<p><!-- PERFORMANCE --><\/p>\n<tr>\n<th style=\"background-color: #1f1f1f; color: #ffffff;\" colspan=\"2\">PERFORMANCE<\/th>\n<\/tr>\n<tr>\n<td><b>Optical Resolution<\/b><\/td>\n<td>600 dpi<\/td>\n<\/tr>\n<tr bgcolor=\"#f7f7f7\">\n<td><b>Output Resolution<\/b><\/td>\n<td>150 \u00d7 150, 200 \u00d7 200, 240 \u00d7 240, 300 \u00d7 300, 400 \u00d7 400, 600 \u00d7 600 dpi<\/td>\n<\/tr>\n<tr>\n<td><b>Output Mode<\/b><\/td>\n<td>Black &amp; White, Error Diffusion, Advanced Text Enhancement, 8-bit Greyscale (256-Level), 24-bit Colour<\/td>\n<\/tr>\n<tr bgcolor=\"#f7f7f7\">\n<td><b>Scanning Speed<\/b><\/td>\n<td>B\/W: 60 ppm \/ 120 ipm \u2022 Colour: 60 ppm \/ 120 ipm<\/td>\n<\/tr>\n<tr>\n<td><b>Suggested Daily Duty Cycle<\/b><\/td>\n<td>7,500 \u2013 13,000 scans\/day<\/td>\n<\/tr>\n<p><!-- DOCUMENT SPECIFICATIONS --><\/p>\n<tr>\n<th style=\"background-color: #1f1f1f; color: #ffffff;\" colspan=\"2\">DOCUMENT SPECIFICATIONS<\/th>\n<\/tr>\n<tr>\n<td><b>Width<\/b><\/td>\n<td>50.8 \u2013 216 mm<\/td>\n<\/tr>\n<tr bgcolor=\"#f7f7f7\">\n<td><b>Length<\/b><\/td>\n<td>54 \u2013 356 mm (Long Document Mode: up to 3000 mm, Windows only)<\/td>\n<\/tr>\n<tr>\n<td><b>Thickness<\/b><\/td>\n<td>27 \u2013 209 g\/m\u00b2 (0.04 \u2013 0.25 mm)<\/td>\n<\/tr>\n<tr bgcolor=\"#f7f7f7\">\n<td><b>Business Card Scanning<\/b><\/td>\n<td>53.9 \u00d7 85.5 mm, 0.76 mm (Embossed supported)<\/td>\n<\/tr>\n<tr>\n<td><b>Paper Separation<\/b><\/td>\n<td>Retard Roller Method<\/td>\n<\/tr>\n<tr bgcolor=\"#f7f7f7\">\n<td><b>Feeder Capacity<\/b><\/td>\n<td>75 Sheets (A4, 80 g\/m\u00b2)<\/td>\n<\/tr>\n<p><!-- SPECIAL FEATURES --><\/p>\n<tr>\n<th style=\"background-color: #1f1f1f; color: #ffffff;\" colspan=\"2\">SPECIAL FEATURES<\/th>\n<\/tr>\n<tr>\n<td colspan=\"2\">Automatic Page Size Detection, Deskew, 3D Colour Correction, Colour Dropout (RGB), Colour Enhancement (RGB), Auto Colour Detection, MultiStream, Preset Gamma Curve, Skip Blank Page, Folio Mode, Patch Code, Edge Enhancement, Moir\u00e9 Reduction, Prevent Bleed Through, Background Removal, Contrast Arrangement, Barcode \/ 2D Code Recognition, Double Feed Detection (Ultrasonic\/Length), Thin Paper Mode, Separation Retry, and more.<\/td>\n<\/tr>\n<p><!-- SOFTWARE --><\/p>\n<tr>\n<th style=\"background-color: #1f1f1f; color: #ffffff;\" colspan=\"2\">SOFTWARE<\/th>\n<\/tr>\n<tr>\n<td><b>Windows<\/b><\/td>\n<td>CaptureOnTouch Pro, ReadIRIS PDF, Kofax VRS, EMC Captiva, DR Management Tool<\/td>\n<\/tr>\n<tr bgcolor=\"#f7f7f7\">\n<td><b>Mac<\/b><\/td>\n<td>TWAIN Driver, CaptureOnTouch<\/td>\n<\/tr>\n<p><!-- CONNECTIVITY --><\/p>\n<tr>\n<th style=\"background-color: #1f1f1f; color: #ffffff;\" colspan=\"2\">CONNECTIVITY<\/th>\n<\/tr>\n<tr>\n<td><b>Standard Interfaces<\/b><\/td>\n<td>High speed USB 2.0<\/td>\n<\/tr>\n<p><!-- DIMENSIONS & WEIGHT --><\/p>\n<tr>\n<th style=\"background-color: #1f1f1f; color: #ffffff;\" colspan=\"2\">DIMENSIONS &amp; WEIGHT<\/th>\n<\/tr>\n<tr>\n<td><b>Dimensions (W \u00d7 D \u00d7 H)<\/b><\/td>\n<td>Closed: 280 \u00d7 172 \u00d7 178 mm \u2022 Opened: 280 \u00d7 606 \u00d7 366.4 mm<\/td>\n<\/tr>\n<tr bgcolor=\"#f7f7f7\">\n<td><b>Weight<\/b><\/td>\n<td>Approx. 3.2 kg<\/td>\n<\/tr>\n<p><!-- POWER --><\/p>\n<tr>\n<th style=\"background-color: #1f1f1f; color: #ffffff;\" colspan=\"2\">POWER<\/th>\n<\/tr>\n<tr>\n<td><b>Power Requirements<\/b><\/td>\n<td>AC100 &#8211; 240V (50\/60Hz)<\/td>\n<\/tr>\n<tr bgcolor=\"#f7f7f7\">\n<td><b>Power Consumption<\/b><\/td>\n<td>Scanning: 27W or less \u2022 Sleep: 1.8W or less \u2022 Power Off: &lt;0.5W<\/td>\n<\/tr>\n<p><!-- ENVIRONMENT --><\/p>\n<tr>\n<th style=\"background-color: #1f1f1f; color: #ffffff;\" colspan=\"2\">ENVIRONMENT<\/th>\n<\/tr>\n<tr>\n<td><b>Operating Environment<\/b><\/td>\n<td>0 &#8211; 32.5 \u00b0C (50 &#8211; 90.5 \u00b0F), Humidity: 20 &#8211; 80% RH<\/td>\n<\/tr>\n<tr bgcolor=\"#f7f7f7\">\n<td><b>Environmental Compliance<\/b><\/td>\n<td>RoHS<\/td>\n<\/tr>\n<p><!-- OPTIONS --><\/p>\n<tr>\n<th style=\"background-color: #1f1f1f; color: #ffffff;\" colspan=\"2\">OPTIONS<\/th>\n<\/tr>\n<tr>\n<td><b>Consumables<\/b><\/td>\n<td>Exchange Roller Kit<\/td>\n<\/tr>\n<tr bgcolor=\"#f7f7f7\">\n<td><b>Optional Units<\/b><\/td>\n<td>A4 Flatbed Scanner Unit 102, A3 Flatbed Scanner Unit 202<\/td>\n<\/tr>\n<\/tbody>\n<\/table>","protected":false},"excerpt":{"rendered":"<p>MODEL (MST) Part Number 1600511 Type Desktop Sheet Fed Scanner Scanning Sensor Unit CMOS CIS 1 Line Sensor Light Source RGB LED Scanning Side Front \/ Back \/ Duplex Interface High speed USB 2.0 PERFORMANCE Optical Resolution 600 dpi Output Resolution 150 \u00d7 150, 200 \u00d7 200, 240 \u00d7 240, 300 \u00d7 300, 400 \u00d7 &hellip; <a href=\"https:\/\/mst-sa.com\/en\/product\/canon-image-formula-dr-m160ii\/\" class=\"more-link\">Continue reading <span class=\"screen-reader-text\">Canon image FORMULA DR-M160II<\/span><\/a><\/p>","protected":false},"featured_media":23012,"comment_status":"open","ping_status":"closed","template":"","meta":[],"product_brand":[],"product_cat":[314,311],"product_tag":[],"class_list":{"0":"post-23007","1":"product","2":"type-product","3":"status-publish","4":"has-post-thumbnail","6":"product_cat-canon-printers","7":"product_cat-printers","10":"instock","11":"taxable","12":"shipping-taxable","13":"purchasable","14":"product-type-simple"},"bundled_by":[],"bundle_stock_status":"instock","bundle_stock_quantity":5,"bundle_virtual":false,"bundle_layout":"","bundle_add_to_cart_form_location":"","bundle_editable_in_cart":false,"bundle_sold_individually_context":"","bundle_item_grouping":"","bundle_min_size":"","bundle_max_size":"","bundle_price":[],"bundled_items":[],"bundle_sell_ids":[],"_links":{"self":[{"href":"https:\/\/mst-sa.com\/en\/wp-json\/wp\/v2\/product\/23007","targetHints":{"allow":["GET"]}}],"collection":[{"href":"https:\/\/mst-sa.com\/en\/wp-json\/wp\/v2\/product"}],"about":[{"href":"https:\/\/mst-sa.com\/en\/wp-json\/wp\/v2\/types\/product"}],"replies":[{"embeddable":true,"href":"https:\/\/mst-sa.com\/en\/wp-json\/wp\/v2\/comments?post=23007"}],"version-history":[{"count":1,"href":"https:\/\/mst-sa.com\/en\/wp-json\/wp\/v2\/product\/23007\/revisions"}],"predecessor-version":[{"id":23016,"href":"https:\/\/mst-sa.com\/en\/wp-json\/wp\/v2\/product\/23007\/revisions\/23016"}],"wp:featuredmedia":[{"embeddable":true,"href":"https:\/\/mst-sa.com\/en\/wp-json\/wp\/v2\/media\/23012"}],"wp:attachment":[{"href":"https:\/\/mst-sa.com\/en\/wp-json\/wp\/v2\/media?parent=23007"}],"wp:term":[{"taxonomy":"product_brand","embeddable":true,"href":"https:\/\/mst-sa.com\/en\/wp-json\/wp\/v2\/product_brand?post=23007"},{"taxonomy":"product_cat","embeddable":true,"href":"https:\/\/mst-sa.com\/en\/wp-json\/wp\/v2\/product_cat?post=23007"},{"taxonomy":"product_tag","embeddable":true,"href":"https:\/\/mst-sa.com\/en\/wp-json\/wp\/v2\/product_tag?post=23007"}],"curies":[{"name":"wp","href":"https:\/\/api.w.org\/{rel}","templated":true}]}}